{"id":19,"date":"2024-07-07T17:45:17","date_gmt":"2024-07-07T17:45:17","guid":{"rendered":"https:\/\/nl.casa-pianino.eu\/?page_id=19"},"modified":"2025-04-27T21:02:15","modified_gmt":"2025-04-27T21:02:15","slug":"preise","status":"publish","type":"page","link":"https:\/\/casa-pianino.eu\/de\/preise\/","title":{"rendered":"Preise"},"content":{"rendered":"\n<div class=\"wp-block-cover alignfull is-light\" style=\"padding-top:2%;min-height:30rem;aspect-ratio:unset;\"><img loading=\"lazy\" decoding=\"async\" width=\"2560\" height=\"1518\" class=\"wp-block-cover__image-background wp-image-102\" alt=\"\" src=\"https:\/\/nl.casa-pianino.eu\/wp-content\/uploads\/2024\/07\/samuel-ferrara-uNvgvo2cs7k-unsplash-scaled-e1720801632114.jpg\" data-object-fit=\"cover\" srcset=\"https:\/\/casa-pianino.eu\/de\/wp-content\/uploads\/sites\/6\/2024\/07\/samuel-ferrara-uNvgvo2cs7k-unsplash-scaled-e1720801632114.jpg 2560w, https:\/\/casa-pianino.eu\/de\/wp-content\/uploads\/sites\/6\/2024\/07\/samuel-ferrara-uNvgvo2cs7k-unsplash-scaled-e1720801632114-300x178.jpg 300w, https:\/\/casa-pianino.eu\/de\/wp-content\/uploads\/sites\/6\/2024\/07\/samuel-ferrara-uNvgvo2cs7k-unsplash-scaled-e1720801632114-1024x607.jpg 1024w, https:\/\/casa-pianino.eu\/de\/wp-content\/uploads\/sites\/6\/2024\/07\/samuel-ferrara-uNvgvo2cs7k-unsplash-scaled-e1720801632114-768x455.jpg 768w, https:\/\/casa-pianino.eu\/de\/wp-content\/uploads\/sites\/6\/2024\/07\/samuel-ferrara-uNvgvo2cs7k-unsplash-scaled-e1720801632114-1536x911.jpg 1536w, https:\/\/casa-pianino.eu\/de\/wp-content\/uploads\/sites\/6\/2024\/07\/samuel-ferrara-uNvgvo2cs7k-unsplash-scaled-e1720801632114-2048x1214.jpg 2048w\" sizes=\"auto, (max-width: 2560px) 100vw, 2560px\" \/><span aria-hidden=\"true\" class=\"wp-block-cover__background has-background-dim-0 has-background-dim\" style=\"background-color:#948c87\"><\/span><div class=\"wp-block-cover__inner-container has-global-padding is-layout-constrained wp-container-core-cover-is-layout-ee51f2d2 wp-block-cover-is-layout-constrained\">\n<div class=\"wp-block-group alignwide is-vertical is-content-justification-center is-layout-flex wp-container-core-group-is-layout-5e763914 wp-block-group-is-layout-flex\" style=\"min-height:8rem\">\n<div class=\"wp-block-group has-global-padding is-layout-constrained wp-container-core-group-is-layout-bea02a06 wp-block-group-is-layout-constrained\">\n<h2 class=\"wp-block-heading has-text-align-center has-text-color\" style=\"color:#ffffff;margin-top:0rem;margin-bottom:1.01rem;font-size:clamp(2.071rem, 2.071rem + ((1vw - 0.2rem) * 2.98), 3.71rem);font-style:normal;font-weight:400;line-height:1;text-transform:capitalize\">Preise<\/h2>\n<\/div>\n<\/div>\n<\/div><\/div>\n\n\n\n<div class=\"wp-block-group alignfull has-global-padding is-layout-constrained wp-block-group-is-layout-constrained\">\n<div class=\"wp-block-group alignfull has-global-padding is-content-justification-center is-layout-constrained wp-container-core-group-is-layout-0425e432 wp-block-group-is-layout-constrained\" style=\"margin-top:0;margin-bottom:0;padding-top:calc( 0.5 * var(--wp--style--root--padding-right, var(--wp--custom--gap--horizontal)));padding-right:var(--wp--style--root--padding-right, var(--wp--custom--gap--horizontal));padding-bottom:calc( 0.5 * var(--wp--style--root--padding-right, var(--wp--custom--gap--horizontal)));padding-left:var(--wp--style--root--padding-left, var(--wp--custom--gap--horizontal))\">\n<div style=\"height:calc( 0.25 * var(--wp--style--root--padding-right, var(--wp--custom--gap--horizontal)))\" aria-hidden=\"true\" class=\"wp-block-spacer\"><\/div>\n\n\n\n<h2 class=\"wp-block-heading alignwide has-text-align-center\">Preise<\/h2>\n<\/div>\n\n\n\n<div class=\"wp-block-group alignfull has-global-padding is-content-justification-center is-layout-constrained wp-container-core-group-is-layout-df757ecc wp-block-group-is-layout-constrained\" style=\"margin-top:0;margin-bottom:0;padding-top:calc( 0.5 * var(--wp--style--root--padding-right, var(--wp--custom--gap--horizontal)));padding-right:var(--wp--style--root--padding-right, var(--wp--custom--gap--horizontal));padding-bottom:calc( 0.5 * var(--wp--style--root--padding-right, var(--wp--custom--gap--horizontal)));padding-left:var(--wp--style--root--padding-left, var(--wp--custom--gap--horizontal))\">\n<p>Die Preise variieren je nach Saison und gelten pro Woche. L\u00e4ngere\/k\u00fcrzere Zeitr\u00e4ume werden anteilig berechnet. Die Mindestlaufzeit betr\u00e4gt 5 Tage.<\/p>\n\n\n\n<p>Pro Mietzeitraum kommen 70\u20ac f\u00fcr die Endreinigung hinzu.<\/p>\n\n\n\n<div class=\"wp-block-group has-global-padding is-layout-constrained wp-container-core-group-is-layout-e0082cf6 wp-block-group-is-layout-constrained\">\n<div class=\"wp-block-columns alignwide is-not-stacked-on-mobile is-layout-flex wp-container-core-columns-is-layout-28f84493 wp-block-columns-is-layout-flex\">\n<div class=\"wp-block-column is-vertically-aligned-center is-layout-flow wp-block-column-is-layout-flow\" style=\"flex-basis:40%\">\n<p class=\"is-menu-item-name\">1 April &#8211; 15 Mai<\/p>\n<\/div>\n\n\n\n<div class=\"wp-block-column is-layout-flow wp-block-column-is-layout-flow\">\n<p class=\"has-text-align-right is-menu-item-price\">700\u20ac\/Woche<\/p>\n<\/div>\n<\/div>\n\n\n\n<hr class=\"wp-block-separator alignwide has-text-color has-theme-2-color has-alpha-channel-opacity has-theme-2-background-color has-background is-style-wide\"\/>\n\n\n\n<div class=\"wp-block-columns alignwide is-not-stacked-on-mobile is-layout-flex wp-container-core-columns-is-layout-28f84493 wp-block-columns-is-layout-flex\">\n<div class=\"wp-block-column is-vertically-aligned-center is-layout-flow wp-block-column-is-layout-flow\" style=\"flex-basis:40%\">\n<p class=\"is-menu-item-name\">16 Mai &#8211; 30 Juni<\/p>\n<\/div>\n\n\n\n<div class=\"wp-block-column is-layout-flow wp-block-column-is-layout-flow\">\n<p class=\"has-text-align-right is-menu-item-price\">750\u20ac\/Woche<\/p>\n<\/div>\n<\/div>\n\n\n\n<hr class=\"wp-block-separator alignwide has-text-color has-theme-2-color has-alpha-channel-opacity has-theme-2-background-color has-background is-style-wide\"\/>\n\n\n\n<div class=\"wp-block-columns alignwide is-not-stacked-on-mobile is-layout-flex wp-container-core-columns-is-layout-28f84493 wp-block-columns-is-layout-flex\">\n<div class=\"wp-block-column is-vertically-aligned-center is-layout-flow wp-block-column-is-layout-flow\" style=\"padding-top:0;padding-bottom:0;flex-basis:40%\">\n<p class=\"is-menu-item-name\">1 Juli &#8211; 31 August<\/p>\n<\/div>\n\n\n\n<div class=\"wp-block-column is-layout-flow wp-block-column-is-layout-flow\">\n<p class=\"has-text-align-right is-menu-item-price\">1100\u20ac\/Woche<\/p>\n<\/div>\n<\/div>\n\n\n\n<hr class=\"wp-block-separator alignwide has-text-color has-theme-2-color has-alpha-channel-opacity has-theme-2-background-color has-background is-style-wide\"\/>\n\n\n\n<div class=\"wp-block-columns alignwide is-not-stacked-on-mobile is-layout-flex wp-container-core-columns-is-layout-28f84493 wp-block-columns-is-layout-flex\">\n<div class=\"wp-block-column is-vertically-aligned-center is-layout-flow wp-block-column-is-layout-flow\" style=\"flex-basis:40%\">\n<p class=\"is-menu-item-name\">1 September &#8211; 30 September<\/p>\n<\/div>\n\n\n\n<div class=\"wp-block-column is-layout-flow wp-block-column-is-layout-flow\">\n<p class=\"has-text-align-right is-menu-item-price\">750\u20ac\/Woche<\/p>\n<\/div>\n<\/div>\n\n\n\n<hr class=\"wp-block-separator alignwide has-text-color has-theme-2-color has-alpha-channel-opacity has-theme-2-background-color has-background is-style-wide\"\/>\n\n\n\n<div class=\"wp-block-columns alignwide is-not-stacked-on-mobile is-layout-flex wp-container-core-columns-is-layout-28f84493 wp-block-columns-is-layout-flex\">\n<div class=\"wp-block-column is-vertically-aligned-center is-layout-flow wp-block-column-is-layout-flow\" style=\"flex-basis:40%\">\n<p class=\"is-menu-item-name\">1 Oktober &#8211; 31 Oktober<\/p>\n<\/div>\n\n\n\n<div class=\"wp-block-column is-layout-flow wp-block-column-is-layout-flow\">\n<p class=\"has-text-align-right is-menu-item-price\">650\u20ac\/Woche<\/p>\n<\/div>\n<\/div>\n\n\n\n<hr class=\"wp-block-separator alignwide has-text-color has-theme-2-color has-alpha-channel-opacity has-theme-2-background-color has-background is-style-wide\"\/>\n\n\n\n<div class=\"wp-block-columns alignwide is-not-stacked-on-mobile is-layout-flex wp-container-core-columns-is-layout-28f84493 wp-block-columns-is-layout-flex\">\n<div class=\"wp-block-column is-vertically-aligned-center is-layout-flow wp-block-column-is-layout-flow\" style=\"flex-basis:60%\">\n<p class=\"is-menu-item-name\">Winteraufenthalt (l\u00e4ngere Zeitr\u00e4ume m\u00f6glich)<\/p>\n<\/div>\n\n\n\n<div class=\"wp-block-column is-layout-flow wp-block-column-is-layout-flow\" style=\"flex-basis:40%\">\n<p class=\"has-text-align-right is-menu-item-price\">Kontaktiere uns !<\/p>\n<\/div>\n<\/div>\n<\/div>\n\n\n\n<p>Bei den Preisen handelt es sich um Komplettpreise, inklusive Gas, Strom, Wasserverbrauch, Internet, Bettw\u00e4sche, Hand- und Badet\u00fccher f\u00fcr bis zu 5 Personen.<\/p>\n\n\n\n<p>Unser Pool ist nicht beheizt, daher steht er nur vom 15. Mai bis Ende September zur Verf\u00fcgung.<\/p>\n\n\n\n<p>Strom ist f\u00fcr Elektroautos nicht geeignet!<\/p>\n<\/div>\n<\/div>\n\n\n\n<section class=\"wp-block-cover alignfull\" style=\"margin-top:0px;padding-bottom:13.51rem;min-height:331px;aspect-ratio:unset;\"><img loading=\"lazy\" decoding=\"async\" width=\"2560\" height=\"1668\" class=\"wp-block-cover__image-background wp-image-136\" alt=\"\" src=\"https:\/\/casa-pianino.eu\/de\/wp-content\/uploads\/sites\/6\/2024\/07\/claudio-pantoni-RXIvf9wR60U-unsplash-scaled-1.jpg\" data-object-fit=\"cover\" srcset=\"https:\/\/casa-pianino.eu\/de\/wp-content\/uploads\/sites\/6\/2024\/07\/claudio-pantoni-RXIvf9wR60U-unsplash-scaled-1.jpg 2560w, https:\/\/casa-pianino.eu\/de\/wp-content\/uploads\/sites\/6\/2024\/07\/claudio-pantoni-RXIvf9wR60U-unsplash-scaled-1-300x195.jpg 300w, https:\/\/casa-pianino.eu\/de\/wp-content\/uploads\/sites\/6\/2024\/07\/claudio-pantoni-RXIvf9wR60U-unsplash-scaled-1-1024x667.jpg 1024w, https:\/\/casa-pianino.eu\/de\/wp-content\/uploads\/sites\/6\/2024\/07\/claudio-pantoni-RXIvf9wR60U-unsplash-scaled-1-768x500.jpg 768w, https:\/\/casa-pianino.eu\/de\/wp-content\/uploads\/sites\/6\/2024\/07\/claudio-pantoni-RXIvf9wR60U-unsplash-scaled-1-1536x1001.jpg 1536w, https:\/\/casa-pianino.eu\/de\/wp-content\/uploads\/sites\/6\/2024\/07\/claudio-pantoni-RXIvf9wR60U-unsplash-scaled-1-2048x1334.jpg 2048w\" sizes=\"auto, (max-width: 2560px) 100vw, 2560px\" \/><span aria-hidden=\"true\" class=\"wp-block-cover__background has-background-dim-0 has-background-dim\" style=\"background-color:#6c6e6e\"><\/span><div class=\"wp-block-cover__inner-container has-global-padding is-layout-constrained wp-container-core-cover-is-layout-14880c13 wp-block-cover-is-layout-constrained\">\n<div class=\"wp-block-group alignfull has-text-color has-global-padding is-layout-constrained wp-container-core-group-is-layout-6f61d7e7 wp-block-group-is-layout-constrained\" style=\"color:#252525;margin-top:0px;padding-top:0rem;padding-right:1rem;padding-bottom:0rem;padding-left:1rem;font-size:clamp(0.875rem, 0.875rem + ((1vw - 0.2rem) * 0.464), 1.13rem);font-style:normal;font-weight:400;line-height:1.4\">\n<div class=\"wp-block-group is-vertical is-content-justification-center is-layout-flex wp-container-core-group-is-layout-b6c1f246 wp-block-group-is-layout-flex\">\n<div class=\"wp-block-group has-global-padding is-layout-constrained wp-container-core-group-is-layout-a099c240 wp-block-group-is-layout-constrained\">\n<h2 class=\"wp-block-heading has-text-align-center has-text-color\" style=\"color:#ffffff;margin-bottom:1.11rem;font-size:clamp(1.556rem, 1.556rem + ((1vw - 0.2rem) * 1.916), 2.61rem);font-style:normal;font-weight:500;line-height:1.2;text-transform:none\">In Kontakt kommen<\/h2>\n\n\n\n<p class=\"has-text-align-center has-text-color\" style=\"color:#ffffff;margin-top:0rem;font-size:clamp(0.875rem, 0.875rem + ((1vw - 0.2rem) * 0.427), 1.11rem);font-style:normal;font-weight:400;line-height:1.6\">Sind Sie bereit, Ihren Traumurlaub zu buchen? Kontaktiere uns jetzt!<\/p>\n\n\n\n<div class=\"wp-block-group is-vertical is-content-justification-stretch is-layout-flex wp-container-core-group-is-layout-be82aac6 wp-block-group-is-layout-flex\" style=\"margin-top:0rem;padding-right:0px;padding-left:0px\">\n<div class=\"wp-block-group has-global-padding is-content-justification-center is-layout-constrained wp-container-core-group-is-layout-0638dde4 wp-block-group-is-layout-constrained\" style=\"margin-top:0px\">\n<div class=\"wp-block-buttons is-horizontal is-content-justification-right is-layout-flex wp-container-core-buttons-is-layout-1b0e492f wp-block-buttons-is-layout-flex\" style=\"margin-top:2.21rem\">\n<div class=\"wp-block-button has-custom-width wp-block-button__width-100 is-style-fill\"><a class=\"wp-block-button__link has-text-color has-background has-border-color has-custom-font-size wp-element-button\" href=\"https:\/\/casa-pianino.eu\/de\/kontakt\/\" style=\"border-color:#041d55;border-style:solid;border-width:1px;border-radius:2.5rem;color:#07277c;background-color:#ffffff;padding-top:1.1rem;padding-right:0.81rem;padding-bottom:1.1rem;padding-left:0.81rem;font-size:clamp(0.875rem, 0.875rem + ((1vw - 0.2rem) * 0.609), 1.21rem);font-style:normal;font-weight:400;line-height:1;text-transform:none\">buchen Sie jetzt<\/a><\/div>\n<\/div>\n<\/div>\n<\/div>\n<\/div>\n<\/div>\n<\/div>\n<\/div><\/section>\n","protected":false},"excerpt":{"rendered":"<p>Preise Die Preise variieren je nach Saison und gelten pro Woche. L\u00e4ngere\/k\u00fcrzere Zeitr\u00e4ume werden anteilig berechnet. Die Mindestlaufzeit betr\u00e4gt 5 Tage. Pro Mietzeitraum kommen 70\u20ac f\u00fcr die Endreinigung hinzu. 1 April &#8211; 15 Mai 700\u20ac\/Woche 16 Mai &#8211; 30 Juni 750\u20ac\/Woche 1 Juli &#8211; 31 August 1100\u20ac\/Woche 1 September &#8211; 30 September 750\u20ac\/Woche 1 Oktober [&hellip;]<\/p>\n","protected":false},"author":2,"featured_media":0,"parent":0,"menu_order":0,"comment_status":"closed","ping_status":"closed","template":"","meta":{"footnotes":""},"class_list":["post-19","page","type-page","status-publish","hentry"],"_links":{"self":[{"href":"https:\/\/casa-pianino.eu\/de\/wp-json\/wp\/v2\/pages\/19","targetHints":{"allow":["GET"]}}],"collection":[{"href":"https:\/\/casa-pianino.eu\/de\/wp-json\/wp\/v2\/pages"}],"about":[{"href":"https:\/\/casa-pianino.eu\/de\/wp-json\/wp\/v2\/types\/page"}],"author":[{"embeddable":true,"href":"https:\/\/casa-pianino.eu\/de\/wp-json\/wp\/v2\/users\/2"}],"replies":[{"embeddable":true,"href":"https:\/\/casa-pianino.eu\/de\/wp-json\/wp\/v2\/comments?post=19"}],"version-history":[{"count":5,"href":"https:\/\/casa-pianino.eu\/de\/wp-json\/wp\/v2\/pages\/19\/revisions"}],"predecessor-version":[{"id":382,"href":"https:\/\/casa-pianino.eu\/de\/wp-json\/wp\/v2\/pages\/19\/revisions\/382"}],"wp:attachment":[{"href":"https:\/\/casa-pianino.eu\/de\/wp-json\/wp\/v2\/media?parent=19"}],"curies":[{"name":"wp","href":"https:\/\/api.w.org\/{rel}","templated":true}]}}