{"id":13,"date":"2024-07-07T17:43:14","date_gmt":"2024-07-07T17:43:14","guid":{"rendered":"https:\/\/nl.casa-pianino.eu\/?page_id=13"},"modified":"2025-04-27T20:24:12","modified_gmt":"2025-04-27T20:24:12","slug":"maison","status":"publish","type":"page","link":"https:\/\/casa-pianino.eu\/fr\/maison\/","title":{"rendered":"Maison"},"content":{"rendered":"\n<div class=\"wp-block-cover alignfull is-light\" style=\"padding-top:2%;min-height:30rem;aspect-ratio:unset;\"><img loading=\"lazy\" decoding=\"async\" width=\"2560\" height=\"1518\" class=\"wp-block-cover__image-background wp-image-102\" alt=\"\" src=\"https:\/\/nl.casa-pianino.eu\/wp-content\/uploads\/2024\/07\/samuel-ferrara-uNvgvo2cs7k-unsplash-scaled-e1720801632114.jpg\" data-object-fit=\"cover\" srcset=\"https:\/\/casa-pianino.eu\/fr\/wp-content\/uploads\/sites\/5\/2024\/07\/samuel-ferrara-uNvgvo2cs7k-unsplash-scaled-e1720801632114.jpg 2560w, https:\/\/casa-pianino.eu\/fr\/wp-content\/uploads\/sites\/5\/2024\/07\/samuel-ferrara-uNvgvo2cs7k-unsplash-scaled-e1720801632114-300x178.jpg 300w, https:\/\/casa-pianino.eu\/fr\/wp-content\/uploads\/sites\/5\/2024\/07\/samuel-ferrara-uNvgvo2cs7k-unsplash-scaled-e1720801632114-1024x607.jpg 1024w, https:\/\/casa-pianino.eu\/fr\/wp-content\/uploads\/sites\/5\/2024\/07\/samuel-ferrara-uNvgvo2cs7k-unsplash-scaled-e1720801632114-768x455.jpg 768w, https:\/\/casa-pianino.eu\/fr\/wp-content\/uploads\/sites\/5\/2024\/07\/samuel-ferrara-uNvgvo2cs7k-unsplash-scaled-e1720801632114-1536x911.jpg 1536w, https:\/\/casa-pianino.eu\/fr\/wp-content\/uploads\/sites\/5\/2024\/07\/samuel-ferrara-uNvgvo2cs7k-unsplash-scaled-e1720801632114-2048x1214.jpg 2048w\" sizes=\"auto, (max-width: 2560px) 100vw, 2560px\" \/><span aria-hidden=\"true\" class=\"wp-block-cover__background has-background-dim-0 has-background-dim\" style=\"background-color:#948c87\"><\/span><div class=\"wp-block-cover__inner-container has-global-padding is-layout-constrained wp-container-core-cover-is-layout-ee51f2d2 wp-block-cover-is-layout-constrained\">\n<div class=\"wp-block-group alignwide is-vertical is-content-justification-center is-layout-flex wp-container-core-group-is-layout-5e763914 wp-block-group-is-layout-flex\" style=\"min-height:8rem\">\n<div class=\"wp-block-group has-global-padding is-layout-constrained wp-container-core-group-is-layout-bea02a06 wp-block-group-is-layout-constrained\">\n<h2 class=\"wp-block-heading has-text-align-center has-text-color\" style=\"color:#ffffff;margin-top:0rem;margin-bottom:1.01rem;font-size:clamp(2.071rem, 2.071rem + ((1vw - 0.2rem) * 2.98), 3.71rem);font-style:normal;font-weight:400;line-height:1;text-transform:none\">Notre Maison<\/h2>\n<\/div>\n<\/div>\n<\/div><\/div>\n\n\n\n<section class=\"wp-block-group alignfull has-text-color has-global-padding is-layout-constrained wp-container-core-group-is-layout-4252d6ba wp-block-group-is-layout-constrained\" style=\"color:#03081e;margin-top:0px;padding-top:6.51rem;padding-right:1rem;padding-bottom:5.5rem;padding-left:1rem;font-size:clamp(0.875rem, 0.875rem + ((1vw - 0.2rem) * 0.464), 1.13rem);font-style:normal;font-weight:400;line-height:1.4\">\n<div class=\"wp-block-columns is-layout-flex wp-container-core-columns-is-layout-db2df21c wp-block-columns-is-layout-flex\" style=\"margin-bottom:0px\">\n<div class=\"wp-block-column is-vertically-aligned-center has-global-padding is-content-justification-center is-layout-constrained wp-container-core-column-is-layout-7ab9d5b1 wp-block-column-is-layout-constrained\" style=\"padding-top:11;padding-right:11;padding-bottom:11;padding-left:11;flex-basis:45%\">\n<figure class=\"wp-block-image aligncenter size-full is-resized\"><img loading=\"lazy\" decoding=\"async\" width=\"1500\" height=\"2000\" src=\"https:\/\/nl.casa-pianino.eu\/wp-content\/uploads\/2024\/07\/1720976086749.jpg\" alt=\"\" class=\"wp-image-201\" style=\"width:446px\" srcset=\"https:\/\/casa-pianino.eu\/fr\/wp-content\/uploads\/sites\/5\/2024\/07\/1720976086749.jpg 1500w, https:\/\/casa-pianino.eu\/fr\/wp-content\/uploads\/sites\/5\/2024\/07\/1720976086749-225x300.jpg 225w, https:\/\/casa-pianino.eu\/fr\/wp-content\/uploads\/sites\/5\/2024\/07\/1720976086749-768x1024.jpg 768w, https:\/\/casa-pianino.eu\/fr\/wp-content\/uploads\/sites\/5\/2024\/07\/1720976086749-1152x1536.jpg 1152w\" sizes=\"auto, (max-width: 1500px) 100vw, 1500px\" \/><\/figure>\n<\/div>\n\n\n\n<div class=\"wp-block-column is-layout-flow wp-block-column-is-layout-flow\">\n<div class=\"wp-block-group is-vertical is-content-justification-left is-layout-flex wp-container-core-group-is-layout-c5d44cae wp-block-group-is-layout-flex\" style=\"min-height:100%\">\n<div class=\"wp-block-group has-global-padding is-content-justification-center is-layout-constrained wp-container-core-group-is-layout-b15c80d6 wp-block-group-is-layout-constrained\">\n<h3 class=\"wp-block-heading has-text-align-left has-text-color\" style=\"color:#07277c;margin-top:0.5rem;margin-bottom:1.01rem;font-size:clamp(1.556rem, 1.556rem + ((1vw - 0.2rem) * 1.916), 2.61rem);font-style:normal;font-weight:500;letter-spacing:0px;line-height:1.3;text-transform:none\">Notre histoire<\/h3>\n\n\n\n<p>\u00c0 l&rsquo;\u00e9t\u00e9 2015, un r\u00eave est devenu r\u00e9alit\u00e9\u2026 nous avons achet\u00e9 une maison de vacances en Sicile !<br>Pendant de nombreuses ann\u00e9es, nous avons \u00e9t\u00e9 des visiteurs fid\u00e8les de cette \u00eele qui a tant \u00e0 offrir.<\/p>\n\n\n\n<p><br>Nous avons maintenant notre propre logement que nous aimons louer aux amateurs de culture, de bonne nourriture et de boissons, de nature ou tout simplement de repos et de d\u00e9tente.<br>La Sicile offre tout cela et bien plus encore\u2026<\/p>\n\n\n\n<p><br>Une fois que vous y serez, vous reviendrez certainement !<\/p>\n\n\n\n<p><br>Sur ce site, nous souhaitons vous pr\u00e9senter notre maison, notre jardin et notre piscine. Nous vous en dirons plus sur l&#8217;emplacement et l&rsquo;accessibilit\u00e9, ainsi que sur les nombreuses merveilles de la Sicile, qui en font la destination de vacances id\u00e9ale.<br>Jetez un \u0153il \u00e0 notre site internet et n&rsquo;h\u00e9sitez pas \u00e0 nous contacter pour plus d&rsquo;informations !<\/p>\n\n\n\n<p><br>Salutations ensoleill\u00e9es !<\/p>\n<\/div>\n<\/div>\n<\/div>\n<\/div>\n\n\n\n<div class=\"wp-block-columns is-layout-flex wp-container-core-columns-is-layout-db2df21c wp-block-columns-is-layout-flex\" style=\"margin-bottom:0px\">\n<div class=\"wp-block-column is-layout-flow wp-block-column-is-layout-flow\">\n<div class=\"wp-block-group is-vertical is-content-justification-left is-layout-flex wp-container-core-group-is-layout-c5d44cae wp-block-group-is-layout-flex\" style=\"min-height:100%\">\n<div class=\"wp-block-group has-global-padding is-content-justification-center is-layout-constrained wp-container-core-group-is-layout-b15c80d6 wp-block-group-is-layout-constrained\">\n<h3 class=\"wp-block-heading has-text-align-left has-text-color\" style=\"color:#07277c;margin-top:0.5rem;margin-bottom:1.01rem;font-size:clamp(1.556rem, 1.556rem + ((1vw - 0.2rem) * 1.916), 2.61rem);font-style:normal;font-weight:500;letter-spacing:0px;line-height:1.3;text-transform:capitalize\">Chambres<\/h3>\n\n\n\n<p>Casa-pianino peut accueillir jusqu&rsquo;\u00e0 5 personnes.<\/p>\n\n\n\n<p><br>Nous disposons d&rsquo;un salon s\u00e9par\u00e9 avec 2 canap\u00e9s et une t\u00e9l\u00e9vision. Il y a une salle \u00e0 manger avec une cuisine ouverte (m\u00eame si la plupart des repas se feront sur la terrasse couverte en \u00e9t\u00e9). Nous disposons de 3 chambres (une double, une simple et une avec 2 lits s\u00e9par\u00e9s pouvant \u00eatre transform\u00e9s en 1 lit double). La salle de bain dispose d&rsquo;une douche, d&rsquo;un double lavabo et une toilette.<\/p>\n\n\n\n<p><br>Nous avons aussi une petite salle de lavage.<\/p>\n\n\n\n<p><br>Toutes les chambres et le salon sont climatis\u00e9s.<br>Toutes les fen\u00eatres ont des volets et des moustiquaires.<br>Pour les jours plus froids, il y a un po\u00eale \u00e0 granul\u00e9s qui peut chauffer le salon et la salle \u00e0 manger (bien s\u00fbr, les climatiseurs peuvent aussi chauffer).<\/p>\n\n\n\n<p><br>Une chaise haute est disponible pour les petits enfants.<\/p>\n<\/div>\n<\/div>\n<\/div>\n\n\n\n<div class=\"wp-block-column is-vertically-aligned-center has-global-padding is-content-justification-left is-layout-constrained wp-container-core-column-is-layout-12dd3699 wp-block-column-is-layout-constrained\" style=\"flex-basis:45%\">\n<div id=\"metaslider-id-160\" style=\"width: 100%; margin: 0 auto;\" class=\"ml-slider-3-97-0 metaslider metaslider-flex metaslider-160 ml-slider ms-theme-blend nav-hidden\" role=\"region\" aria-roledescription=\"Slideshow\" aria-label=\"Rooms\" data-width=\"508\">\n    <div id=\"metaslider_container_160\">\n        <div id=\"metaslider_160\">\n            <ul class='slides'>\n                <li style=\"display: block; width: 100%;\" class=\"slide-162 ms-image \" aria-roledescription=\"slide\" aria-label=\"slide-162\" data-date=\"2024-07-12 22:08:27\"><img loading=\"lazy\" decoding=\"async\" src=\"https:\/\/casa-pianino.eu\/fr\/wp-content\/uploads\/sites\/5\/2024\/07\/groen_kamer1-508x338-1.jpg\" height=\"338\" width=\"508\" alt=\"\" class=\"slider-160 slide-162\" title=\"groen_kamer1-508x338\" \/><div class=\"caption-wrap\"><div class=\"caption\"><div>Single room<\/div><\/div><\/div><\/li>\n                <li style=\"display: none; width: 100%;\" class=\"slide-164 ms-image \" aria-roledescription=\"slide\" aria-label=\"slide-164\" data-date=\"2024-07-12 22:09:45\"><img loading=\"lazy\" decoding=\"async\" src=\"https:\/\/casa-pianino.eu\/fr\/wp-content\/uploads\/sites\/5\/2024\/07\/keuken1-508x352-2-508x338.jpg\" height=\"338\" width=\"508\" alt=\"\" class=\"slider-160 slide-164\" title=\"keuken1-508x352\" \/><div class=\"caption-wrap\"><div class=\"caption\"><div>Dining room with open kitchen<\/div><\/div><\/div><\/li>\n                <li style=\"display: none; width: 100%;\" class=\"slide-166 ms-image \" aria-roledescription=\"slide\" aria-label=\"slide-166\" data-date=\"2024-07-12 22:10:17\"><img loading=\"lazy\" decoding=\"async\" src=\"https:\/\/casa-pianino.eu\/fr\/wp-content\/uploads\/sites\/5\/2024\/07\/living1-508x338-1.jpg\" height=\"338\" width=\"508\" alt=\"\" class=\"slider-160 slide-166\" title=\"living1-508x338\" \/><div class=\"caption-wrap\"><div class=\"caption\"><div>Living room<\/div><\/div><\/div><\/li>\n                <li style=\"display: none; width: 100%;\" class=\"slide-168 ms-image \" aria-roledescription=\"slide\" aria-label=\"slide-168\" data-date=\"2024-07-12 22:10:42\"><img loading=\"lazy\" decoding=\"async\" src=\"https:\/\/casa-pianino.eu\/fr\/wp-content\/uploads\/sites\/5\/2024\/07\/paarse_kamer_1-508x338-1.jpg\" height=\"338\" width=\"508\" alt=\"\" class=\"slider-160 slide-168\" title=\"paarse_kamer_1-508x338\" \/><div class=\"caption-wrap\"><div class=\"caption\"><div>Double room\u00a0<\/div><\/div><\/div><\/li>\n                <li style=\"display: none; width: 100%;\" class=\"slide-170 ms-image \" aria-roledescription=\"slide\" aria-label=\"slide-170\" data-date=\"2024-07-12 22:11:50\"><img loading=\"lazy\" decoding=\"async\" src=\"https:\/\/casa-pianino.eu\/fr\/wp-content\/uploads\/sites\/5\/2024\/07\/zwart_witte_kamer_1-508x338-1.jpg\" height=\"338\" width=\"508\" alt=\"\" class=\"slider-160 slide-170\" title=\"zwart_witte_kamer_1-508x338\" \/><div class=\"caption-wrap\"><div class=\"caption\"><div>Double room\u00a0<\/div><\/div><\/div><\/li>\n                <li style=\"display: none; width: 100%;\" class=\"slide-183 ms-image \" aria-roledescription=\"slide\" aria-label=\"slide-183\" data-date=\"2024-07-12 23:05:19\"><img loading=\"lazy\" decoding=\"async\" src=\"https:\/\/casa-pianino.eu\/fr\/wp-content\/uploads\/sites\/5\/2024\/07\/waskot_508x312-508x338.jpg\" height=\"338\" width=\"508\" alt=\"\" class=\"slider-160 slide-183\" title=\"waskot_508x312\" \/><div class=\"caption-wrap\"><div class=\"caption\"><div>Washing room<\/div><\/div><\/div><\/li>\n            <\/ul>\n        <\/div>\n        \n    <\/div>\n<\/div>\n<\/div>\n<\/div>\n\n\n\n<div class=\"wp-block-columns is-layout-flex wp-container-core-columns-is-layout-db2df21c wp-block-columns-is-layout-flex\" style=\"margin-bottom:0px\">\n<div class=\"wp-block-column is-vertically-aligned-center has-global-padding is-content-justification-left is-layout-constrained wp-container-core-column-is-layout-12dd3699 wp-block-column-is-layout-constrained\" style=\"flex-basis:45%\">\n<div id=\"metaslider-id-208\" style=\"width: 100%; margin: 0 auto;\" class=\"ml-slider-3-97-0 metaslider metaslider-flex metaslider-208 ml-slider ms-theme-blend nav-hidden nav-hidden\" role=\"region\" aria-roledescription=\"Slideshow\" aria-label=\"Garden\" data-width=\"508\">\n    <div id=\"metaslider_container_208\">\n        <div id=\"metaslider_208\">\n            <ul class='slides'>\n                <li style=\"display: block; width: 100%;\" class=\"slide-212 ms-image \" aria-roledescription=\"slide\" aria-label=\"slide-212\" data-date=\"2024-07-14 17:52:15\"><img loading=\"lazy\" decoding=\"async\" src=\"https:\/\/casa-pianino.eu\/fr\/wp-content\/uploads\/sites\/5\/2024\/07\/buitenkeuken1-508x381-1.jpg\" height=\"381\" width=\"508\" alt=\"\" class=\"slider-208 slide-212\" title=\"buitenkeuken1-508x381\" \/><\/li>\n                <li style=\"display: none; width: 100%;\" class=\"slide-385 ms-image \" aria-roledescription=\"slide\" aria-label=\"slide-385\" data-date=\"2025-04-27 20:23:07\"><img loading=\"lazy\" decoding=\"async\" src=\"https:\/\/casa-pianino.eu\/fr\/wp-content\/uploads\/sites\/5\/2024\/07\/terras1-508x381-2.jpg\" height=\"381\" width=\"508\" alt=\"\" class=\"slider-208 slide-385\" title=\"terras1-508x381\" \/><\/li>\n                <li style=\"display: none; width: 100%;\" class=\"slide-386 ms-image \" aria-roledescription=\"slide\" aria-label=\"slide-386\" data-date=\"2025-04-27 20:23:12\"><img loading=\"lazy\" decoding=\"async\" src=\"https:\/\/casa-pianino.eu\/fr\/wp-content\/uploads\/sites\/5\/2024\/07\/tuin1-508x338-1-e1721034562542-508x381.jpg\" height=\"381\" width=\"508\" alt=\"\" class=\"slider-208 slide-386\" title=\"tuin1-508x338\" \/><\/li>\n            <\/ul>\n        <\/div>\n        \n    <\/div>\n<\/div>\n<\/div>\n\n\n\n<div class=\"wp-block-column is-layout-flow wp-block-column-is-layout-flow\">\n<div class=\"wp-block-group is-vertical is-content-justification-left is-layout-flex wp-container-core-group-is-layout-c5d44cae wp-block-group-is-layout-flex\" style=\"min-height:100%\">\n<div class=\"wp-block-group has-global-padding is-content-justification-center is-layout-constrained wp-container-core-group-is-layout-b15c80d6 wp-block-group-is-layout-constrained\">\n<h3 class=\"wp-block-heading has-text-align-left has-text-color\" style=\"color:#07277c;margin-top:0.5rem;margin-bottom:1.01rem;font-size:clamp(1.556rem, 1.556rem + ((1vw - 0.2rem) * 1.916), 2.61rem);font-style:normal;font-weight:500;letter-spacing:0px;line-height:1.3;text-transform:capitalize\">Jardin<\/h3>\n\n\n\n<p>A l&rsquo;ext\u00e9rieur, nous avons une grande terrasse couverte. Parfait pour le petit-d\u00e9jeuner le matin et un endroit parfait pour lire un livre \u00e0 l&rsquo;ombre. Nous disposons \u00e9galement d&rsquo;une cuisine ext\u00e9rieure avec \u00e9vier, BBQ et four \u00e0 bois \u00e0 pizza.<\/p>\n\n\n\n<p><br>Tout autour de la maison vous trouverez un jardin avec des arbres vari\u00e9s (mandarines, citrons, figuiers, grenadiers, coings, \u2026).<br>Le tout \u00e0 disposition des locataires \u00e0 maturit\u00e9.<\/p>\n\n\n\n<p><\/p>\n<\/div>\n<\/div>\n<\/div>\n<\/div>\n\n\n\n<div class=\"wp-block-columns is-layout-flex wp-container-core-columns-is-layout-db2df21c wp-block-columns-is-layout-flex\" style=\"margin-bottom:0px\">\n<div class=\"wp-block-column is-layout-flow wp-block-column-is-layout-flow\">\n<div class=\"wp-block-group is-vertical is-content-justification-left is-layout-flex wp-container-core-group-is-layout-c5d44cae wp-block-group-is-layout-flex\" style=\"min-height:100%\">\n<div class=\"wp-block-group has-global-padding is-content-justification-center is-layout-constrained wp-container-core-group-is-layout-b15c80d6 wp-block-group-is-layout-constrained\">\n<h3 class=\"wp-block-heading has-text-align-left has-text-color\" style=\"color:#07277c;margin-top:0.5rem;margin-bottom:1.01rem;font-size:clamp(1.556rem, 1.556rem + ((1vw - 0.2rem) * 1.916), 2.61rem);font-style:normal;font-weight:500;letter-spacing:0px;line-height:1.3;text-transform:none\">Piscine<\/h3>\n\n\n\n<p>Casa Pianino dispose \u00e9galement d&rsquo;une piscine priv\u00e9e entour\u00e9e de 100 m\u00b2 de terrasse. L&rsquo;endroit id\u00e9al pour les amateurs de bronzage et de piscine.<\/p>\n\n\n\n<p><br>L&rsquo;acc\u00e8s \u00e0 la piscine peut \u00eatre restreint aux petits enfants par des portails.<\/p>\n\n\n\n<p><br>Une douche solaire et des toilettes se trouvent \u00e0 c\u00f4t\u00e9 de la piscine. Inutile donc de rentrer dans la maison avec ces maillots de bain mouill\u00e9s.<\/p>\n\n\n\n<p><br>La piscine n&rsquo;est pas chauff\u00e9e. En \u00e9t\u00e9, la temp\u00e9rature de l&rsquo;eau est d&rsquo;environ 31\u00b0C. La piscine est disponible du 15 mai \u00e0 fin septembre.<\/p>\n<\/div>\n<\/div>\n<\/div>\n\n\n\n<div class=\"wp-block-column is-vertically-aligned-center has-global-padding is-content-justification-left is-layout-constrained wp-container-core-column-is-layout-12dd3699 wp-block-column-is-layout-constrained\" style=\"flex-basis:45%\">\n<div id=\"metaslider-id-173\" style=\"width: 100%; margin: 0 auto;\" class=\"ml-slider-3-97-0 metaslider metaslider-flex metaslider-173 ml-slider ms-theme-blend nav-hidden nav-hidden nav-hidden\" role=\"region\" aria-roledescription=\"Slideshow\" aria-label=\"Pool\" data-width=\"508\">\n    <div id=\"metaslider_container_173\">\n        <div id=\"metaslider_173\">\n            <ul class='slides'>\n                <li style=\"display: block; width: 100%;\" class=\"slide-175 ms-image \" aria-roledescription=\"slide\" aria-label=\"slide-175\" data-date=\"2024-07-12 22:52:30\"><img loading=\"lazy\" decoding=\"async\" src=\"https:\/\/casa-pianino.eu\/fr\/wp-content\/uploads\/sites\/5\/2024\/07\/zwembad1-508x381-1.jpg\" height=\"381\" width=\"508\" alt=\"\" class=\"slider-173 slide-175\" title=\"zwembad1-508x381\" \/><\/li>\n                <li style=\"display: none; width: 100%;\" class=\"slide-177 ms-image \" aria-roledescription=\"slide\" aria-label=\"slide-177\" data-date=\"2024-07-12 22:52:50\"><img loading=\"lazy\" decoding=\"async\" src=\"https:\/\/casa-pianino.eu\/fr\/wp-content\/uploads\/sites\/5\/2024\/07\/zwembad2-508x381-1.jpg\" height=\"381\" width=\"508\" alt=\"\" class=\"slider-173 slide-177\" title=\"zwembad2-508x381\" \/><\/li>\n                <li style=\"display: none; width: 100%;\" class=\"slide-179 ms-image \" aria-roledescription=\"slide\" aria-label=\"slide-179\" data-date=\"2024-07-12 22:53:14\"><img loading=\"lazy\" decoding=\"async\" src=\"https:\/\/casa-pianino.eu\/fr\/wp-content\/uploads\/sites\/5\/2024\/07\/zwembad3-508x381-1.jpg\" height=\"381\" width=\"508\" alt=\"\" class=\"slider-173 slide-179\" title=\"zwembad3-508x381\" \/><\/li>\n            <\/ul>\n        <\/div>\n        \n    <\/div>\n<\/div>\n<\/div>\n<\/div>\n<\/section>\n\n\n\n<section class=\"wp-block-cover alignfull\" style=\"margin-top:0px;padding-bottom:13.51rem;min-height:306px;aspect-ratio:unset;\"><img loading=\"lazy\" decoding=\"async\" width=\"1504\" height=\"431\" class=\"wp-block-cover__image-background wp-image-112\" alt=\"\" src=\"https:\/\/nl.casa-pianino.eu\/wp-content\/uploads\/2024\/07\/davide-ragusa-qugoGp8XK3c-unsplash-e1720802567867.jpg\" style=\"object-position:50% 44%\" data-object-fit=\"cover\" data-object-position=\"50% 44%\" srcset=\"https:\/\/casa-pianino.eu\/fr\/wp-content\/uploads\/sites\/5\/2024\/07\/davide-ragusa-qugoGp8XK3c-unsplash-e1720802567867.jpg 1504w, https:\/\/casa-pianino.eu\/fr\/wp-content\/uploads\/sites\/5\/2024\/07\/davide-ragusa-qugoGp8XK3c-unsplash-e1720802567867-300x86.jpg 300w, https:\/\/casa-pianino.eu\/fr\/wp-content\/uploads\/sites\/5\/2024\/07\/davide-ragusa-qugoGp8XK3c-unsplash-e1720802567867-1024x293.jpg 1024w, https:\/\/casa-pianino.eu\/fr\/wp-content\/uploads\/sites\/5\/2024\/07\/davide-ragusa-qugoGp8XK3c-unsplash-e1720802567867-768x220.jpg 768w\" sizes=\"auto, (max-width: 1504px) 100vw, 1504px\" \/><span aria-hidden=\"true\" class=\"wp-block-cover__background has-background-dim-10 has-background-dim\" style=\"background-color:#010100\"><\/span><div class=\"wp-block-cover__inner-container has-global-padding is-layout-constrained wp-container-core-cover-is-layout-14880c13 wp-block-cover-is-layout-constrained\">\n<div class=\"wp-block-group alignfull has-text-color has-global-padding is-layout-constrained wp-container-core-group-is-layout-6f61d7e7 wp-block-group-is-layout-constrained\" style=\"color:#252525;margin-top:0px;padding-top:0rem;padding-right:1rem;padding-bottom:0rem;padding-left:1rem;font-size:clamp(0.875rem, 0.875rem + ((1vw - 0.2rem) * 0.464), 1.13rem);font-style:normal;font-weight:400;line-height:1.4\">\n<div class=\"wp-block-group is-vertical is-content-justification-center is-layout-flex wp-container-core-group-is-layout-b6c1f246 wp-block-group-is-layout-flex\">\n<div class=\"wp-block-group has-global-padding is-layout-constrained wp-container-core-group-is-layout-a099c240 wp-block-group-is-layout-constrained\">\n<h2 class=\"wp-block-heading has-text-align-center has-text-color\" style=\"color:#ffffff;margin-bottom:1.11rem;font-size:clamp(1.556rem, 1.556rem + ((1vw - 0.2rem) * 1.916), 2.61rem);font-style:normal;font-weight:500;line-height:1.2;text-transform:none\">Entrez en contact<\/h2>\n\n\n\n<p class=\"has-text-align-center has-text-color\" style=\"color:#ffffff;margin-top:0rem;font-size:clamp(0.875rem, 0.875rem + ((1vw - 0.2rem) * 0.427), 1.11rem);font-style:normal;font-weight:400;line-height:1.6\">Pr\u00eat \u00e0 r\u00e9server l&rsquo;escapade de vos r\u00eaves ? Contactez-nous maintenant!<\/p>\n\n\n\n<div class=\"wp-block-group is-vertical is-content-justification-stretch is-layout-flex wp-container-core-group-is-layout-be82aac6 wp-block-group-is-layout-flex\" style=\"margin-top:0rem;padding-right:0px;padding-left:0px\">\n<div class=\"wp-block-group has-global-padding is-content-justification-center is-layout-constrained wp-container-core-group-is-layout-0638dde4 wp-block-group-is-layout-constrained\" style=\"margin-top:0px\">\n<div class=\"wp-block-buttons is-horizontal is-content-justification-right is-layout-flex wp-container-core-buttons-is-layout-1b0e492f wp-block-buttons-is-layout-flex\" style=\"margin-top:2.21rem\">\n<div class=\"wp-block-button has-custom-width wp-block-button__width-100 is-style-fill\"><a class=\"wp-block-button__link has-text-color has-background has-border-color has-custom-font-size wp-element-button\" href=\"https:\/\/casa-pianino.eu\/fr\/contacte\/\" style=\"border-color:#041d55;border-style:solid;border-width:1px;border-radius:2.5rem;color:#07277c;background-color:#ffffff;padding-top:1.1rem;padding-right:0.81rem;padding-bottom:1.1rem;padding-left:0.81rem;font-size:clamp(0.875rem, 0.875rem + ((1vw - 0.2rem) * 0.609), 1.21rem);font-style:normal;font-weight:400;line-height:1;text-transform:none\">Reservez maintenant<\/a><\/div>\n<\/div>\n<\/div>\n<\/div>\n<\/div>\n<\/div>\n<\/div>\n<\/div><\/section>\n","protected":false},"excerpt":{"rendered":"<p>Notre histoire \u00c0 l&rsquo;\u00e9t\u00e9 2015, un r\u00eave est devenu r\u00e9alit\u00e9\u2026 nous avons achet\u00e9 une maison de vacances en Sicile !Pendant de nombreuses ann\u00e9es, nous avons \u00e9t\u00e9 des visiteurs fid\u00e8les de cette \u00eele qui a tant \u00e0 offrir. Nous avons maintenant notre propre logement que nous aimons louer aux amateurs de culture, de bonne nourriture et [&hellip;]<\/p>\n","protected":false},"author":2,"featured_media":0,"parent":0,"menu_order":0,"comment_status":"closed","ping_status":"closed","template":"","meta":{"footnotes":""},"class_list":["post-13","page","type-page","status-publish","hentry"],"_links":{"self":[{"href":"https:\/\/casa-pianino.eu\/fr\/wp-json\/wp\/v2\/pages\/13","targetHints":{"allow":["GET"]}}],"collection":[{"href":"https:\/\/casa-pianino.eu\/fr\/wp-json\/wp\/v2\/pages"}],"about":[{"href":"https:\/\/casa-pianino.eu\/fr\/wp-json\/wp\/v2\/types\/page"}],"author":[{"embeddable":true,"href":"https:\/\/casa-pianino.eu\/fr\/wp-json\/wp\/v2\/users\/2"}],"replies":[{"embeddable":true,"href":"https:\/\/casa-pianino.eu\/fr\/wp-json\/wp\/v2\/comments?post=13"}],"version-history":[{"count":4,"href":"https:\/\/casa-pianino.eu\/fr\/wp-json\/wp\/v2\/pages\/13\/revisions"}],"predecessor-version":[{"id":387,"href":"https:\/\/casa-pianino.eu\/fr\/wp-json\/wp\/v2\/pages\/13\/revisions\/387"}],"wp:attachment":[{"href":"https:\/\/casa-pianino.eu\/fr\/wp-json\/wp\/v2\/media?parent=13"}],"curies":[{"name":"wp","href":"https:\/\/api.w.org\/{rel}","templated":true}]}}