{"id":64,"date":"2024-07-12T13:12:05","date_gmt":"2024-07-12T13:12:05","guid":{"rendered":"https:\/\/nl.casa-pianino.eu\/?page_id=64"},"modified":"2025-04-27T20:24:51","modified_gmt":"2025-04-27T20:24:51","slug":"emplacement","status":"publish","type":"page","link":"https:\/\/casa-pianino.eu\/fr\/emplacement\/","title":{"rendered":"Emplacement"},"content":{"rendered":"\n<div class=\"wp-block-cover alignfull is-light\" style=\"padding-top:2%;min-height:30rem;aspect-ratio:unset;\"><img loading=\"lazy\" decoding=\"async\" width=\"2560\" height=\"1518\" class=\"wp-block-cover__image-background wp-image-102\" alt=\"\" src=\"https:\/\/nl.casa-pianino.eu\/wp-content\/uploads\/2024\/07\/samuel-ferrara-uNvgvo2cs7k-unsplash-scaled-e1720801632114.jpg\" data-object-fit=\"cover\" srcset=\"https:\/\/casa-pianino.eu\/fr\/wp-content\/uploads\/sites\/5\/2024\/07\/samuel-ferrara-uNvgvo2cs7k-unsplash-scaled-e1720801632114.jpg 2560w, https:\/\/casa-pianino.eu\/fr\/wp-content\/uploads\/sites\/5\/2024\/07\/samuel-ferrara-uNvgvo2cs7k-unsplash-scaled-e1720801632114-300x178.jpg 300w, https:\/\/casa-pianino.eu\/fr\/wp-content\/uploads\/sites\/5\/2024\/07\/samuel-ferrara-uNvgvo2cs7k-unsplash-scaled-e1720801632114-1024x607.jpg 1024w, https:\/\/casa-pianino.eu\/fr\/wp-content\/uploads\/sites\/5\/2024\/07\/samuel-ferrara-uNvgvo2cs7k-unsplash-scaled-e1720801632114-768x455.jpg 768w, https:\/\/casa-pianino.eu\/fr\/wp-content\/uploads\/sites\/5\/2024\/07\/samuel-ferrara-uNvgvo2cs7k-unsplash-scaled-e1720801632114-1536x911.jpg 1536w, https:\/\/casa-pianino.eu\/fr\/wp-content\/uploads\/sites\/5\/2024\/07\/samuel-ferrara-uNvgvo2cs7k-unsplash-scaled-e1720801632114-2048x1214.jpg 2048w\" sizes=\"auto, (max-width: 2560px) 100vw, 2560px\" \/><span aria-hidden=\"true\" class=\"wp-block-cover__background has-background-dim-0 has-background-dim\" style=\"background-color:#948c87\"><\/span><div class=\"wp-block-cover__inner-container has-global-padding is-layout-constrained wp-container-core-cover-is-layout-ee51f2d2 wp-block-cover-is-layout-constrained\">\n<div class=\"wp-block-group alignwide is-vertical is-content-justification-center is-layout-flex wp-container-core-group-is-layout-5e763914 wp-block-group-is-layout-flex\" style=\"min-height:8rem\">\n<div class=\"wp-block-group has-global-padding is-layout-constrained wp-container-core-group-is-layout-bea02a06 wp-block-group-is-layout-constrained\">\n<h2 class=\"wp-block-heading has-text-align-center has-text-color\" style=\"color:#ffffff;margin-top:0rem;margin-bottom:1.01rem;font-size:clamp(2.071rem, 2.071rem + ((1vw - 0.2rem) * 2.98), 3.71rem);font-style:normal;font-weight:400;line-height:1;text-transform:capitalize\">Emplacement<\/h2>\n<\/div>\n<\/div>\n<\/div><\/div>\n\n\n\n<section class=\"wp-block-group alignfull has-text-color has-global-padding is-layout-constrained wp-container-core-group-is-layout-4252d6ba wp-block-group-is-layout-constrained\" style=\"color:#03081e;margin-top:0px;padding-top:6.51rem;padding-right:1rem;padding-bottom:5.5rem;padding-left:1rem;font-size:clamp(0.875rem, 0.875rem + ((1vw - 0.2rem) * 0.464), 1.13rem);font-style:normal;font-weight:400;line-height:1.4\">\n<div class=\"wp-block-columns is-layout-flex wp-container-core-columns-is-layout-db2df21c wp-block-columns-is-layout-flex\" style=\"margin-bottom:0px\">\n<div class=\"wp-block-column is-vertically-aligned-center has-global-padding is-content-justification-left is-layout-constrained wp-container-core-column-is-layout-12dd3699 wp-block-column-is-layout-constrained\" style=\"flex-basis:45%\">\n<figure class=\"wp-block-image aligncenter size-full is-resized\"><img loading=\"lazy\" decoding=\"async\" width=\"931\" height=\"709\" src=\"https:\/\/nl.casa-pianino.eu\/wp-content\/uploads\/2024\/07\/balestrate.png\" alt=\"\" class=\"wp-image-126\" style=\"width:446px\" srcset=\"https:\/\/casa-pianino.eu\/fr\/wp-content\/uploads\/sites\/5\/2024\/07\/balestrate.png 931w, https:\/\/casa-pianino.eu\/fr\/wp-content\/uploads\/sites\/5\/2024\/07\/balestrate-300x228.png 300w, https:\/\/casa-pianino.eu\/fr\/wp-content\/uploads\/sites\/5\/2024\/07\/balestrate-768x585.png 768w\" sizes=\"auto, (max-width: 931px) 100vw, 931px\" \/><\/figure>\n<\/div>\n\n\n\n<div class=\"wp-block-column is-layout-flow wp-block-column-is-layout-flow\">\n<div class=\"wp-block-group is-vertical is-content-justification-left is-layout-flex wp-container-core-group-is-layout-c5d44cae wp-block-group-is-layout-flex\" style=\"min-height:100%\">\n<div class=\"wp-block-group has-global-padding is-content-justification-center is-layout-constrained wp-container-core-group-is-layout-b15c80d6 wp-block-group-is-layout-constrained\">\n<h3 class=\"wp-block-heading has-text-align-left has-text-color\" style=\"color:#07277c;margin-top:0.5rem;margin-bottom:1.01rem;font-size:clamp(1.556rem, 1.556rem + ((1vw - 0.2rem) * 1.916), 2.61rem);font-style:normal;font-weight:500;letter-spacing:0px;line-height:1.3;text-transform:capitalize\">Emplacement<\/h3>\n\n\n\n<p>Casa Pianino est situ\u00e9e \u00e0 Balestrate, un petit village anim\u00e9 de la province de Palerme sur l&rsquo;\u00eele de Sicile.<br>Nous sommes situ\u00e9s \u00e0 la p\u00e9riph\u00e9rie rurale du village, mais \u00e0 seulement 5 minutes en voiture du centre de la ville. Vous offrant le meilleur des deux mondes : calme et tranquillit\u00e9 mais \u00e9galement proche de toutes les commodit\u00e9s.<\/p>\n\n\n\n<p><br>Balestrate est situ\u00e9 dans le \u00ab Golfo de Castellammare \u00bb nous donnant acc\u00e8s \u00e0 de belles plages de sable.<br>Nous sommes situ\u00e9s \u00e0 mi-chemin entre Palerme et Trapani. L&rsquo;endroit id\u00e9al pour visiter tout le flanc ouest de la Sicile.<\/p>\n\n\n\n<p>La Sicile elle-m\u00eame est une \u00eele plus grande. Nous ne conseillons pas d&rsquo;essayer de visiter toute l&rsquo;\u00eele \u00e0 partir d&rsquo;un seul endroit. Voyager d\u2019un c\u00f4t\u00e9 \u00e0 l\u2019autre de l\u2019\u00eele vous prendra au moins 3 heures.<br><\/p>\n<\/div>\n<\/div>\n<\/div>\n<\/div>\n<\/section>\n\n\n\n<section class=\"wp-block-cover alignfull is-light\" style=\"margin-top:0px;padding-bottom:13.51rem;min-height:285px;aspect-ratio:unset;\"><img loading=\"lazy\" decoding=\"async\" width=\"1577\" height=\"628\" class=\"wp-block-cover__image-background wp-image-123\" alt=\"\" src=\"https:\/\/nl.casa-pianino.eu\/wp-content\/uploads\/2024\/07\/henrique-ferreira-a42M7a6T1jw-unsplash-e1720803044816.jpg\" style=\"object-position:52% 100%\" data-object-fit=\"cover\" data-object-position=\"52% 100%\" srcset=\"https:\/\/casa-pianino.eu\/fr\/wp-content\/uploads\/sites\/5\/2024\/07\/henrique-ferreira-a42M7a6T1jw-unsplash-e1720803044816.jpg 1577w, https:\/\/casa-pianino.eu\/fr\/wp-content\/uploads\/sites\/5\/2024\/07\/henrique-ferreira-a42M7a6T1jw-unsplash-e1720803044816-300x119.jpg 300w, https:\/\/casa-pianino.eu\/fr\/wp-content\/uploads\/sites\/5\/2024\/07\/henrique-ferreira-a42M7a6T1jw-unsplash-e1720803044816-1024x408.jpg 1024w, https:\/\/casa-pianino.eu\/fr\/wp-content\/uploads\/sites\/5\/2024\/07\/henrique-ferreira-a42M7a6T1jw-unsplash-e1720803044816-768x306.jpg 768w, https:\/\/casa-pianino.eu\/fr\/wp-content\/uploads\/sites\/5\/2024\/07\/henrique-ferreira-a42M7a6T1jw-unsplash-e1720803044816-1536x612.jpg 1536w\" sizes=\"auto, (max-width: 1577px) 100vw, 1577px\" \/><span aria-hidden=\"true\" class=\"wp-block-cover__background has-background-dim-0 has-background-dim\" style=\"background-color:#85867f\"><\/span><div class=\"wp-block-cover__inner-container has-global-padding is-layout-constrained wp-container-core-cover-is-layout-14880c13 wp-block-cover-is-layout-constrained\">\n<div class=\"wp-block-group alignfull has-text-color has-global-padding is-layout-constrained wp-container-core-group-is-layout-6f61d7e7 wp-block-group-is-layout-constrained\" style=\"color:#252525;margin-top:0px;padding-top:0rem;padding-right:1rem;padding-bottom:0rem;padding-left:1rem;font-size:clamp(0.875rem, 0.875rem + ((1vw - 0.2rem) * 0.464), 1.13rem);font-style:normal;font-weight:400;line-height:1.4\">\n<div class=\"wp-block-group is-vertical is-content-justification-center is-layout-flex wp-container-core-group-is-layout-b6c1f246 wp-block-group-is-layout-flex\">\n<div class=\"wp-block-group has-global-padding is-layout-constrained wp-container-core-group-is-layout-a099c240 wp-block-group-is-layout-constrained\">\n<h2 class=\"wp-block-heading has-text-align-center has-text-color\" style=\"color:#ffffff;margin-bottom:1.11rem;font-size:clamp(1.556rem, 1.556rem + ((1vw - 0.2rem) * 1.916), 2.61rem);font-style:normal;font-weight:500;line-height:1.2;text-transform:none\">Entrez en contact<\/h2>\n\n\n\n<p class=\"has-text-align-center has-text-color\" style=\"color:#ffffff;margin-top:0rem;font-size:clamp(0.875rem, 0.875rem + ((1vw - 0.2rem) * 0.427), 1.11rem);font-style:normal;font-weight:400;line-height:1.6\">Pr\u00eat \u00e0 r\u00e9server l&rsquo;escapade de vos r\u00eaves ? Contactez-nous maintenant!<\/p>\n\n\n\n<div class=\"wp-block-group is-vertical is-content-justification-stretch is-layout-flex wp-container-core-group-is-layout-be82aac6 wp-block-group-is-layout-flex\" style=\"margin-top:0rem;padding-right:0px;padding-left:0px\">\n<div class=\"wp-block-group has-global-padding is-content-justification-center is-layout-constrained wp-container-core-group-is-layout-0638dde4 wp-block-group-is-layout-constrained\" style=\"margin-top:0px\">\n<div class=\"wp-block-buttons is-horizontal is-content-justification-right is-layout-flex wp-container-core-buttons-is-layout-1b0e492f wp-block-buttons-is-layout-flex\" style=\"margin-top:2.21rem\">\n<div class=\"wp-block-button has-custom-width wp-block-button__width-100 is-style-fill\"><a class=\"wp-block-button__link has-text-color has-background has-border-color has-custom-font-size wp-element-button\" href=\"https:\/\/casa-pianino.eu\/fr\/contacte\/\" style=\"border-color:#041d55;border-style:solid;border-width:1px;border-radius:2.5rem;color:#07277c;background-color:#ffffff;padding-top:1.1rem;padding-right:0.81rem;padding-bottom:1.1rem;padding-left:0.81rem;font-size:clamp(0.875rem, 0.875rem + ((1vw - 0.2rem) * 0.609), 1.21rem);font-style:normal;font-weight:400;line-height:1;text-transform:none\">Reservez maintenant<\/a><\/div>\n<\/div>\n<\/div>\n<\/div>\n<\/div>\n<\/div>\n<\/div>\n<\/div><\/section>\n","protected":false},"excerpt":{"rendered":"<p>Emplacement Casa Pianino est situ\u00e9e \u00e0 Balestrate, un petit village anim\u00e9 de la province de Palerme sur l&rsquo;\u00eele de Sicile.Nous sommes situ\u00e9s \u00e0 la p\u00e9riph\u00e9rie rurale du village, mais \u00e0 seulement 5 minutes en voiture du centre de la ville. Vous offrant le meilleur des deux mondes : calme et tranquillit\u00e9 mais \u00e9galement proche de [&hellip;]<\/p>\n","protected":false},"author":2,"featured_media":0,"parent":0,"menu_order":0,"comment_status":"closed","ping_status":"closed","template":"","meta":{"footnotes":""},"class_list":["post-64","page","type-page","status-publish","hentry"],"_links":{"self":[{"href":"https:\/\/casa-pianino.eu\/fr\/wp-json\/wp\/v2\/pages\/64","targetHints":{"allow":["GET"]}}],"collection":[{"href":"https:\/\/casa-pianino.eu\/fr\/wp-json\/wp\/v2\/pages"}],"about":[{"href":"https:\/\/casa-pianino.eu\/fr\/wp-json\/wp\/v2\/types\/page"}],"author":[{"embeddable":true,"href":"https:\/\/casa-pianino.eu\/fr\/wp-json\/wp\/v2\/users\/2"}],"replies":[{"embeddable":true,"href":"https:\/\/casa-pianino.eu\/fr\/wp-json\/wp\/v2\/comments?post=64"}],"version-history":[{"count":4,"href":"https:\/\/casa-pianino.eu\/fr\/wp-json\/wp\/v2\/pages\/64\/revisions"}],"predecessor-version":[{"id":388,"href":"https:\/\/casa-pianino.eu\/fr\/wp-json\/wp\/v2\/pages\/64\/revisions\/388"}],"wp:attachment":[{"href":"https:\/\/casa-pianino.eu\/fr\/wp-json\/wp\/v2\/media?parent=64"}],"curies":[{"name":"wp","href":"https:\/\/api.w.org\/{rel}","templated":true}]}}